{"id":1182,"date":"2020-06-10T10:22:56","date_gmt":"2020-06-10T10:22:56","guid":{"rendered":"https:\/\/webdesign.alphaproducties.nl\/quick-frozen1\/?page_id=1182"},"modified":"2020-08-07T07:52:17","modified_gmt":"2020-08-07T07:52:17","slug":"algemene-voorwaarden","status":"publish","type":"page","link":"https:\/\/quickfrozen.nl\/de\/algemene-voorwaarden\/","title":{"rendered":"Allgemeine Bedingungen"},"content":{"rendered":"<div data-elementor-type=\"wp-page\" data-elementor-id=\"1182\" class=\"elementor elementor-1182\" data-elementor-post-type=\"page\">\n\t\t\t\t\t\t<section class=\"elementor-section elementor-top-section elementor-element elementor-element-97f3512 elementor-section-height-min-height elementor-section-boxed elementor-section-height-default elementor-section-items-middle\" data-id=\"97f3512\" data-element_type=\"section\" data-settings=\"{&quot;background_background&quot;:&quot;classic&quot;}\">\n\t\t\t\t\t\t\t<div class=\"elementor-background-overlay\"><\/div>\n\t\t\t\t\t\t\t<div class=\"elementor-container elementor-column-gap-default\">\n\t\t\t\t\t<div class=\"elementor-column elementor-col-100 elementor-top-column elementor-element elementor-element-d5ed0aa\" data-id=\"d5ed0aa\" data-element_type=\"column\">\n\t\t\t<div class=\"elementor-widget-wrap\">\n\t\t\t\t\t\t\t<\/div>\n\t\t<\/div>\n\t\t\t\t\t<\/div>\n\t\t<\/section>\n\t\t\t\t<section class=\"elementor-section elementor-top-section elementor-element elementor-element-d898935 elementor-section-height-min-height elementor-section-boxed elementor-section-height-default elementor-section-items-middle\" data-id=\"d898935\" data-element_type=\"section\">\n\t\t\t\t\t\t<div class=\"elementor-container elementor-column-gap-default\">\n\t\t\t\t\t<div class=\"elementor-column elementor-col-100 elementor-top-column elementor-element elementor-element-29397aa\" data-id=\"29397aa\" data-element_type=\"column\">\n\t\t\t<div class=\"elementor-widget-wrap elementor-element-populated\">\n\t\t\t\t\t\t<div class=\"elementor-element elementor-element-f9f7801 elementor-widget elementor-widget-heading\" data-id=\"f9f7801\" data-element_type=\"widget\" data-widget_type=\"heading.default\">\n\t\t\t\t<div class=\"elementor-widget-container\">\n\t\t\t\t\t<h2 class=\"elementor-heading-title elementor-size-default\">Allgemeine Bedingungen<\/h2>\t\t\t\t<\/div>\n\t\t\t\t<\/div>\n\t\t\t\t<div class=\"elementor-element elementor-element-45f97d2 elementor-widget elementor-widget-heading\" data-id=\"45f97d2\" data-element_type=\"widget\" data-widget_type=\"heading.default\">\n\t\t\t\t<div class=\"elementor-widget-container\">\n\t\t\t\t\t<h2 class=\"elementor-heading-title elementor-size-default\">Wat zijn onze algemene voorwaarden<\/h2>\t\t\t\t<\/div>\n\t\t\t\t<\/div>\n\t\t\t\t\t<\/div>\n\t\t<\/div>\n\t\t\t\t\t<\/div>\n\t\t<\/section>\n\t\t\t\t<section class=\"elementor-section elementor-top-section elementor-element elementor-element-28a288e elementor-section-boxed elementor-section-height-default elementor-section-height-default\" data-id=\"28a288e\" data-element_type=\"section\" data-settings=\"{&quot;background_background&quot;:&quot;classic&quot;}\">\n\t\t\t\t\t\t<div class=\"elementor-container elementor-column-gap-default\">\n\t\t\t\t\t<div class=\"elementor-column elementor-col-100 elementor-top-column elementor-element elementor-element-0760206\" data-id=\"0760206\" data-element_type=\"column\">\n\t\t\t<div class=\"elementor-widget-wrap elementor-element-populated\">\n\t\t\t\t\t\t<div class=\"elementor-element elementor-element-ddab49e elementor-widget elementor-widget-text-editor\" data-id=\"ddab49e\" data-element_type=\"widget\" data-widget_type=\"text-editor.default\">\n\t\t\t\t<div class=\"elementor-widget-container\">\n\t\t\t\t\t\t\t\t\t<p><strong>Hier komen de algemene voorwaarden<\/strong><\/p>\t\t\t\t\t\t\t\t<\/div>\n\t\t\t\t<\/div>\n\t\t\t\t\t<\/div>\n\t\t<\/div>\n\t\t\t\t\t<\/div>\n\t\t<\/section>\n\t\t\t\t<\/div>","protected":false},"excerpt":{"rendered":"<p>Algemene voorwaarden Wat zijn onze algemene voorwaarden Hier komen de algemene voorwaarden<\/p>","protected":false},"author":2,"featured_media":0,"parent":0,"menu_order":0,"comment_status":"closed","ping_status":"closed","template":"","meta":{"_acf_changed":false,"footnotes":""},"class_list":["post-1182","page","type-page","status-publish","hentry"],"acf":[],"yoast_head":"<!-- This site is optimized with the Yoast SEO plugin v26.7 - https:\/\/yoast.com\/wordpress\/plugins\/seo\/ -->\n<title>Algemene voorwaarden - Quick Frozen<\/title>\n<meta name=\"description\" content=\"Quick Frozen BV is in 2006 opgericht door Andr\u00e9 van der Reest en Richard de Moor, als een onafhankelijke dienstverlener, die de verkoop en handel aan anderen overlaat maar de verwerking van deze producten wel graag voor zijn rekening neemt.\" \/>\n<meta name=\"robots\" content=\"index, follow, max-snippet:-1, max-image-preview:large, max-video-preview:-1\" \/>\n<link rel=\"canonical\" href=\"https:\/\/quickfrozen.nl\/de\/algemene-voorwaarden\/\" \/>\n<meta property=\"og:locale\" content=\"de_DE\" \/>\n<meta property=\"og:type\" content=\"article\" \/>\n<meta property=\"og:title\" content=\"Algemene voorwaarden - Quick Frozen\" \/>\n<meta property=\"og:description\" content=\"Quick Frozen BV is in 2006 opgericht door Andr\u00e9 van der Reest en Richard de Moor, als een onafhankelijke dienstverlener, die de verkoop en handel aan anderen overlaat maar de verwerking van deze producten wel graag voor zijn rekening neemt.\" \/>\n<meta property=\"og:url\" content=\"https:\/\/quickfrozen.nl\/de\/algemene-voorwaarden\/\" \/>\n<meta property=\"og:site_name\" content=\"Quick Frozen\" \/>\n<meta property=\"article:modified_time\" content=\"2020-08-07T07:52:17+00:00\" \/>\n<meta name=\"twitter:card\" content=\"summary_large_image\" \/>\n<script type=\"application\/ld+json\" class=\"yoast-schema-graph\">{\"@context\":\"https:\/\/schema.org\",\"@graph\":[{\"@type\":\"WebPage\",\"@id\":\"https:\/\/quickfrozen.nl\/algemene-voorwaarden\/\",\"url\":\"https:\/\/quickfrozen.nl\/algemene-voorwaarden\/\",\"name\":\"Algemene voorwaarden - Quick Frozen\",\"isPartOf\":{\"@id\":\"https:\/\/quickfrozen.nl\/#website\"},\"datePublished\":\"2020-06-10T10:22:56+00:00\",\"dateModified\":\"2020-08-07T07:52:17+00:00\",\"description\":\"Quick Frozen BV is in 2006 opgericht door Andr\u00e9 van der Reest en Richard de Moor, als een onafhankelijke dienstverlener, die de verkoop en handel aan anderen overlaat maar de verwerking van deze producten wel graag voor zijn rekening neemt.\",\"breadcrumb\":{\"@id\":\"https:\/\/quickfrozen.nl\/algemene-voorwaarden\/#breadcrumb\"},\"inLanguage\":\"de\",\"potentialAction\":[{\"@type\":\"ReadAction\",\"target\":[\"https:\/\/quickfrozen.nl\/algemene-voorwaarden\/\"]}]},{\"@type\":\"BreadcrumbList\",\"@id\":\"https:\/\/quickfrozen.nl\/algemene-voorwaarden\/#breadcrumb\",\"itemListElement\":[{\"@type\":\"ListItem\",\"position\":1,\"name\":\"Home\",\"item\":\"https:\/\/quickfrozen.nl\/\"},{\"@type\":\"ListItem\",\"position\":2,\"name\":\"Algemene voorwaarden\"}]},{\"@type\":\"WebSite\",\"@id\":\"https:\/\/quickfrozen.nl\/#website\",\"url\":\"https:\/\/quickfrozen.nl\/\",\"name\":\"Quick Frozen\",\"description\":\"\",\"publisher\":{\"@id\":\"https:\/\/quickfrozen.nl\/#organization\"},\"potentialAction\":[{\"@type\":\"SearchAction\",\"target\":{\"@type\":\"EntryPoint\",\"urlTemplate\":\"https:\/\/quickfrozen.nl\/?s={search_term_string}\"},\"query-input\":{\"@type\":\"PropertyValueSpecification\",\"valueRequired\":true,\"valueName\":\"search_term_string\"}}],\"inLanguage\":\"de\"},{\"@type\":\"Organization\",\"@id\":\"https:\/\/quickfrozen.nl\/#organization\",\"name\":\"Quick Frozen\",\"url\":\"https:\/\/quickfrozen.nl\/\",\"logo\":{\"@type\":\"ImageObject\",\"inLanguage\":\"de\",\"@id\":\"https:\/\/quickfrozen.nl\/#\/schema\/logo\/image\/\",\"url\":\"https:\/\/quickfrozen.nl\/wp-content\/uploads\/2020\/03\/logoMiddel-1.svg\",\"contentUrl\":\"https:\/\/quickfrozen.nl\/wp-content\/uploads\/2020\/03\/logoMiddel-1.svg\",\"width\":1,\"height\":1,\"caption\":\"Quick Frozen\"},\"image\":{\"@id\":\"https:\/\/quickfrozen.nl\/#\/schema\/logo\/image\/\"},\"sameAs\":[\"https:\/\/www.youtube.com\/channel\/UCtyimQMpkO2bUMxW7wl-7Ew\"]}]}<\/script>\n<!-- \/ Yoast SEO plugin. -->","yoast_head_json":{"title":"Algemene voorwaarden - Quick Frozen","description":"Quick Frozen BV wurde 2006 von Andr\u00e9 van der Reest und Richard de Moor als unabh\u00e4ngiges Dienstleistungsunternehmen gegr\u00fcndet, das Verkauf und Handel anderen \u00fcberl\u00e4sst, aber gerne die Verarbeitung dieser Erzeugnisse \u00fcbernimmt.","robots":{"index":"index","follow":"follow","max-snippet":"max-snippet:-1","max-image-preview":"max-image-preview:large","max-video-preview":"max-video-preview:-1"},"canonical":"https:\/\/quickfrozen.nl\/de\/algemene-voorwaarden\/","og_locale":"de_DE","og_type":"article","og_title":"Algemene voorwaarden - Quick Frozen","og_description":"Quick Frozen BV is in 2006 opgericht door Andr\u00e9 van der Reest en Richard de Moor, als een onafhankelijke dienstverlener, die de verkoop en handel aan anderen overlaat maar de verwerking van deze producten wel graag voor zijn rekening neemt.","og_url":"https:\/\/quickfrozen.nl\/de\/algemene-voorwaarden\/","og_site_name":"Quick Frozen","article_modified_time":"2020-08-07T07:52:17+00:00","twitter_card":"summary_large_image","schema":{"@context":"https:\/\/schema.org","@graph":[{"@type":"WebPage","@id":"https:\/\/quickfrozen.nl\/algemene-voorwaarden\/","url":"https:\/\/quickfrozen.nl\/algemene-voorwaarden\/","name":"Algemene voorwaarden - Quick Frozen","isPartOf":{"@id":"https:\/\/quickfrozen.nl\/#website"},"datePublished":"2020-06-10T10:22:56+00:00","dateModified":"2020-08-07T07:52:17+00:00","description":"Quick Frozen BV wurde 2006 von Andr\u00e9 van der Reest und Richard de Moor als unabh\u00e4ngiges Dienstleistungsunternehmen gegr\u00fcndet, das Verkauf und Handel anderen \u00fcberl\u00e4sst, aber gerne die Verarbeitung dieser Erzeugnisse \u00fcbernimmt.","breadcrumb":{"@id":"https:\/\/quickfrozen.nl\/algemene-voorwaarden\/#breadcrumb"},"inLanguage":"de","potentialAction":[{"@type":"ReadAction","target":["https:\/\/quickfrozen.nl\/algemene-voorwaarden\/"]}]},{"@type":"BreadcrumbList","@id":"https:\/\/quickfrozen.nl\/algemene-voorwaarden\/#breadcrumb","itemListElement":[{"@type":"ListItem","position":1,"name":"Home","item":"https:\/\/quickfrozen.nl\/"},{"@type":"ListItem","position":2,"name":"Algemene voorwaarden"}]},{"@type":"WebSite","@id":"https:\/\/quickfrozen.nl\/#website","url":"https:\/\/quickfrozen.nl\/","name":"Quick Frozen","description":"","publisher":{"@id":"https:\/\/quickfrozen.nl\/#organization"},"potentialAction":[{"@type":"SearchAction","target":{"@type":"EntryPoint","urlTemplate":"https:\/\/quickfrozen.nl\/?s={search_term_string}"},"query-input":{"@type":"PropertyValueSpecification","valueRequired":true,"valueName":"search_term_string"}}],"inLanguage":"de"},{"@type":"Organization","@id":"https:\/\/quickfrozen.nl\/#organization","name":"Quick Frozen","url":"https:\/\/quickfrozen.nl\/","logo":{"@type":"ImageObject","inLanguage":"de","@id":"https:\/\/quickfrozen.nl\/#\/schema\/logo\/image\/","url":"https:\/\/quickfrozen.nl\/wp-content\/uploads\/2020\/03\/logoMiddel-1.svg","contentUrl":"https:\/\/quickfrozen.nl\/wp-content\/uploads\/2020\/03\/logoMiddel-1.svg","width":1,"height":1,"caption":"Quick Frozen"},"image":{"@id":"https:\/\/quickfrozen.nl\/#\/schema\/logo\/image\/"},"sameAs":["https:\/\/www.youtube.com\/channel\/UCtyimQMpkO2bUMxW7wl-7Ew"]}]}},"_links":{"self":[{"href":"https:\/\/quickfrozen.nl\/de\/wp-json\/wp\/v2\/pages\/1182","targetHints":{"allow":["GET"]}}],"collection":[{"href":"https:\/\/quickfrozen.nl\/de\/wp-json\/wp\/v2\/pages"}],"about":[{"href":"https:\/\/quickfrozen.nl\/de\/wp-json\/wp\/v2\/types\/page"}],"author":[{"embeddable":true,"href":"https:\/\/quickfrozen.nl\/de\/wp-json\/wp\/v2\/users\/2"}],"replies":[{"embeddable":true,"href":"https:\/\/quickfrozen.nl\/de\/wp-json\/wp\/v2\/comments?post=1182"}],"version-history":[{"count":4,"href":"https:\/\/quickfrozen.nl\/de\/wp-json\/wp\/v2\/pages\/1182\/revisions"}],"predecessor-version":[{"id":1339,"href":"https:\/\/quickfrozen.nl\/de\/wp-json\/wp\/v2\/pages\/1182\/revisions\/1339"}],"wp:attachment":[{"href":"https:\/\/quickfrozen.nl\/de\/wp-json\/wp\/v2\/media?parent=1182"}],"curies":[{"name":"wp","href":"https:\/\/api.w.org\/{rel}","templated":true}]}}