{"id":1177,"date":"2020-06-10T10:14:53","date_gmt":"2020-06-10T10:14:53","guid":{"rendered":"https:\/\/webdesign.alphaproducties.nl\/quick-frozen1\/?page_id=1177"},"modified":"2020-08-07T07:54:08","modified_gmt":"2020-08-07T07:54:08","slug":"cookiebeleid","status":"publish","type":"page","link":"https:\/\/quickfrozen.nl\/de\/cookiebeleid\/","title":{"rendered":"Cookie-Politik"},"content":{"rendered":"<div data-elementor-type=\"wp-page\" data-elementor-id=\"1177\" class=\"elementor elementor-1177\" data-elementor-post-type=\"page\">\n\t\t\t\t\t\t<section class=\"elementor-section elementor-top-section elementor-element elementor-element-2b2f3ff elementor-section-height-min-height elementor-section-boxed elementor-section-height-default elementor-section-items-middle\" data-id=\"2b2f3ff\" data-element_type=\"section\" data-settings=\"{&quot;background_background&quot;:&quot;classic&quot;}\">\n\t\t\t\t\t\t\t<div class=\"elementor-background-overlay\"><\/div>\n\t\t\t\t\t\t\t<div class=\"elementor-container elementor-column-gap-default\">\n\t\t\t\t\t<div class=\"elementor-column elementor-col-100 elementor-top-column elementor-element elementor-element-b4d3cc4\" data-id=\"b4d3cc4\" data-element_type=\"column\">\n\t\t\t<div class=\"elementor-widget-wrap\">\n\t\t\t\t\t\t\t<\/div>\n\t\t<\/div>\n\t\t\t\t\t<\/div>\n\t\t<\/section>\n\t\t\t\t<section class=\"elementor-section elementor-top-section elementor-element elementor-element-3832c20 elementor-section-height-min-height elementor-section-boxed elementor-section-height-default elementor-section-items-middle\" data-id=\"3832c20\" data-element_type=\"section\">\n\t\t\t\t\t\t<div class=\"elementor-container elementor-column-gap-default\">\n\t\t\t\t\t<div class=\"elementor-column elementor-col-100 elementor-top-column elementor-element elementor-element-8185a38\" data-id=\"8185a38\" data-element_type=\"column\">\n\t\t\t<div class=\"elementor-widget-wrap elementor-element-populated\">\n\t\t\t\t\t\t<div class=\"elementor-element elementor-element-ff57ae8 elementor-widget elementor-widget-heading\" data-id=\"ff57ae8\" data-element_type=\"widget\" data-widget_type=\"heading.default\">\n\t\t\t\t<div class=\"elementor-widget-container\">\n\t\t\t\t\t<h2 class=\"elementor-heading-title elementor-size-default\">Cookie-Politik<\/h2>\t\t\t\t<\/div>\n\t\t\t\t<\/div>\n\t\t\t\t<div class=\"elementor-element elementor-element-7fc79c0 elementor-widget elementor-widget-heading\" data-id=\"7fc79c0\" data-element_type=\"widget\" data-widget_type=\"heading.default\">\n\t\t\t\t<div class=\"elementor-widget-container\">\n\t\t\t\t\t<h2 class=\"elementor-heading-title elementor-size-default\">Wozu verwenden wir Cookies?<\/h2>\t\t\t\t<\/div>\n\t\t\t\t<\/div>\n\t\t\t\t\t<\/div>\n\t\t<\/div>\n\t\t\t\t\t<\/div>\n\t\t<\/section>\n\t\t\t\t<section class=\"elementor-section elementor-top-section elementor-element elementor-element-e4179b2 elementor-section-boxed elementor-section-height-default elementor-section-height-default\" data-id=\"e4179b2\" data-element_type=\"section\" data-settings=\"{&quot;background_background&quot;:&quot;classic&quot;}\">\n\t\t\t\t\t\t<div class=\"elementor-container elementor-column-gap-default\">\n\t\t\t\t\t<div class=\"elementor-column elementor-col-100 elementor-top-column elementor-element elementor-element-c66ad5e\" data-id=\"c66ad5e\" data-element_type=\"column\">\n\t\t\t<div class=\"elementor-widget-wrap elementor-element-populated\">\n\t\t\t\t\t\t<div class=\"elementor-element elementor-element-3369769 elementor-widget elementor-widget-text-editor\" data-id=\"3369769\" data-element_type=\"widget\" data-widget_type=\"text-editor.default\">\n\t\t\t\t<div class=\"elementor-widget-container\">\n\t\t\t\t\t\t\t\t\t<p><strong>Wie wir Cookies einsetzen<\/strong><\/p><p>Cookies sind zusammengestellte Einzelinformationen, die von Ihrem Browser gespeichert werden, wenn Sie bestimmte Webseiten besuchen. Cookies werden im Allgemeinen von Webseiten verwendet, um Ihre Nutzererfahrung dadurch zu verbessern, dass es dieser Webseite erm\u00f6glicht wird, sich an Sie zu \u201eerinnern\u201c, entweder lediglich f\u00fcr die Dauer Ihres Besuchs (mittels eines \u201eSitzungs\u201c-Cookies, das gel\u00f6scht wird, wenn Sie Ihren Browser schlie\u00dfen) oder f\u00fcr Wiederholungsbesuche (Verwendung eines \u201epermanenten\u201c Cookies).<\/p><p>Wir verwenden keine Cookies, um pers\u00f6nlich identifizierbare Informationen \u00fcber Sie zu speichern. Beachten Sie aber bitte, dass in einigen L\u00e4ndern Daten wie Cookie-IDs und IP-\/MAC-Adressen als personenbezogene Daten betrachtet werden Soweit wir solche Daten verarbeiten, die als personenbezogene Daten betrachtet werden, geschieht dies in \u00dcbereinstimmung mit unserer Datenschutzerkl\u00e4rung.<\/p><p>Unsere Webseite verwendet die folgenden Cookie-Arten<\/p><p><strong>Zugangsfreie Cookies<\/strong><\/p><p>Diese Cookies sind notwendig, damit Sie sich auf der Seite bewegen und deren Funktionen nutzen k\u00f6nnen. Sie sind als \u201eFirst Party\u201c-Cookies bekannt. Ohne diese Cookies k\u00f6nnen Dienstleistungen wie die Einstellung von geeignetem Inhalt auf der Grundlage Ihres Ger\u00e4tetyps nicht erbracht werden.<\/p><table width=\"747\"><tbody><tr><td width=\"274\"><strong>Cookie-Namen<\/strong><\/td><td width=\"473\"><strong>Ziel<\/strong><\/td><\/tr><tr><td width=\"274\">GTM<\/td><td width=\"473\">Hilft, die Tagverwaltung durch uns einfach, bequem und zuverl\u00e4ssig zu gestalten, um Webseiten-Tags in ihrer Gesamtheit an einem Ort zu implementieren. \nIn diesem Fall basieren die Tags meistens auf dem JavaScript- und Nicht-JavaScript-Code.<\/td><\/tr><\/tbody><\/table><p><u><br \/><\/u><strong>Analytische Cookies<\/strong><\/p><p>Diese Cookies liefern Informationen dar\u00fcber, wie Besucher die Seite verwenden, sodass wir das Besucheraufkommen analysieren k\u00f6nnen und verstehen, wie unsere Besucher unsere Seite verwenden. Dazu verwenden wir Cookies eines Dritten, Google Analytics (\u201eDrittseitencookies\u201c). Google Analytics verwendet eigene Cookies. Diese Cookies sammeln keine Informationen, die einen Besucher identifizieren. Alle Informationen, die von diesen Cookies gesammelt werden, sind aggregiert und damit anonym. Sie werden nur verwendet, um die Funktionsweise der Seite zu verbessern. U kunt hier meer informatie vinden over Google Analytics-cookies:\u00a0<a href=\"https:\/\/developers.google.com\/analytics\/resources\/concepts\/gaConceptsCookies\">https:\/\/developers.google.com\/analytics\/resources\/concepts\/gaConceptsCookies<\/a>Weitere Informationen \u00fcber Google Analytics-Cookies finden Sie hier: https:\/\/developers.google.com\/analytics\/resources\/concepts\/gaConceptsCookies. Sie k\u00f6nnen die Verwendung von Google Analytics im Zusammenhang mit Ihrer Verwendung unserer Seite vermeiden, indem Sie das Browser-Plug-in, das \u00fcber diesen Link verf\u00fcgbar ist, herunterladen und installieren:\u00a0<a href=\"http:\/\/tools.google.com\/dlpage\/gaoptout?hl=en-GB\">http:\/\/tools.google.com\/dlpage\/gaoptout?hl=en-GB<\/a>.<\/p><table><tbody><tr><td><strong>Cookie-Namen<\/strong><\/td><td><strong>Ziel<\/strong><\/td><\/tr><tr><td>Analytics \u2013 Google Universal \u2013 Event<\/td><td>Von Google angebotener Webseiten-Analysedienst, der den Webseitenverkehr verfolgt und meldet.<\/td><\/tr><tr><td>Analytics \u2013 Google Universal \u2013 Non-interactive event<\/td><td>Von Google angebotener Webseiten-Analysedienst, der den Webseitenverkehr verfolgt und meldet.<\/td><\/tr><tr><td>Analytics \u2013 Google Universal \u2013 Pageview<\/td><td>Von Google angebotener Webseiten-Analysedienst, der den Webseitenverkehr verfolgt und meldet.<\/td><\/tr><tr><td>Analytics \u2013 Google Universal \u2013 Virtual Form Completed<\/td><td>Von Google angebotener Webseiten-Analysedienst, der den Webseitenverkehr verfolgt und meldet.<\/td><\/tr><tr><td>GA Audiences<\/td><td>Sammelt und organisiert Webseiten-Datenquellen.<\/td><\/tr><\/tbody><\/table><p><strong>Funktionscookies<\/strong><\/p><p>Mit diesen Cookies kann unsere Seite von Ihnen getroffene Entscheidungen speichern (wie etwa die Region, in der Sie sich befinden), und werden verbesserte, pers\u00f6nlichere Funktionen geboten. Diese Cookies werden auch verwendet, um \u00c4nderungen zu speichern, die Sie bei der Textgr\u00f6\u00dfe, Schriftart und anderen Teilen von Webseiten vorgenommen haben, die Sie anpassen k\u00f6nnen. Sie k\u00f6nnen auch verwendet werden, um Dienstleistungen zu erbringen, die Sie angefordert haben, wie etwa das Betrachten eines Videos oder die Reaktion auf einen Blog. Die von diesen Cookies gesammelten Informationen k\u00f6nnen anonymisiert werden, und sie k\u00f6nnen Ihre Browseraktivit\u00e4t auf anderen Webseiten nicht verfolgen.<\/p><table width=\"681\"><tbody><tr><td width=\"228\"><strong>Cookie Naam<\/strong><\/td><td width=\"453\"><strong>Ziel<\/strong><\/td><\/tr><tr><td width=\"228\">Content Square 06.17<\/td><td width=\"453\">Partner, um mehr Daten mit Content Square zu speichern<\/td><\/tr><\/tbody><\/table><p><strong><br \/>Social media cookies<\/strong><\/p><p>Diese Cookies werden verwendet, wenn Sie Informationen durch das Anklicken eines Buttons f\u00fcr das Teilen von sozialen Medien teilen oder sich in Ihrem Account anmelden oder auf unseren Inhalt auf der oder \u00fcber die Seite eines sozialen Netzwerks wie Facebook, Twitter oder Google+ eingehen. Das soziale Netzwerk h\u00e4lt fest, dass Sie dies getan haben. Diese Informationen k\u00f6nnen mit Targeting-\/Werbeaktivit\u00e4ten verkn\u00fcpft werden.<\/p><table width=\"694\"><tbody><tr><td width=\"255\"><strong>Cookie Naam<\/strong><\/td><td width=\"439\"><strong>Ziel<\/strong><\/td><\/tr><tr><td width=\"255\">FB Connect<\/td><td width=\"439\">Steht Nutzern zur Verf\u00fcgung, um \u00fcber ihren Facebook-Account auf anderen Webseiten zu kommunizieren.<\/td><\/tr><tr><td width=\"255\">AddThis<\/td><td width=\"439\">Steht Nutzern zur Verf\u00fcgung, um unseren Bloginhalt auf ihren Seiten in den sozialen Medien zu teilen.<\/td><\/tr><\/tbody><\/table><p><u><br \/><\/u><strong>Wie Sie Cookies blockieren k\u00f6nnen<\/strong><\/p><p>M\u00f6chten Sie keine Cookies installieren und sie blockieren, k\u00f6nnen Sie Ihre Browsereinstellungen entsprechend \u00e4ndern. Bei jedem Browser ist das Verfahren anders. Wenn Sie Cookies unserer Webseite blockieren, von anderen Seiten aber akzeptieren m\u00f6chten, k\u00f6nnen Sie die entsprechende Option in Ihren Browsereinstellungen w\u00e4hlen, um einen Hinweis zu erhalten, bevor Ihr Ger\u00e4t gespeichert wird. Ziehen Sie die Hilfeseite Ihres Browsers f\u00fcr weitere Informationen zu Rate.<\/p><p>Beachten Sie bitte, dass Sie durch das Ausschalten der Cookies m\u00f6glicherweise keinen Zugang zu einigen Funktionen unserer Seite erhalten oder dass ein bestimmter Inhalt oder eine bestimmte Funktionalit\u00e4t nicht verf\u00fcgbar ist.<\/p>\t\t\t\t\t\t\t\t<\/div>\n\t\t\t\t<\/div>\n\t\t\t\t\t<\/div>\n\t\t<\/div>\n\t\t\t\t\t<\/div>\n\t\t<\/section>\n\t\t\t\t<\/div>","protected":false},"excerpt":{"rendered":"<p>Cookie beleid Waar gebruiken wij de cookies voor Hoe we cookies inzetten Cookies zijn samengestelde stukken informatie die door uw browser worden opgeslagen wanneer u bepaalde websites bezoekt. Cookies worden over het algemeen door websites gebruikt om uw gebruikerservaring te verbeteren door die website in staat te stellen u te \u2018herinneren\u2019, hetzij strikt voor de [&hellip;]<\/p>","protected":false},"author":2,"featured_media":0,"parent":0,"menu_order":0,"comment_status":"closed","ping_status":"closed","template":"","meta":{"_acf_changed":false,"footnotes":""},"class_list":["post-1177","page","type-page","status-publish","hentry"],"acf":[],"yoast_head":"<!-- This site is optimized with the Yoast SEO plugin v26.7 - https:\/\/yoast.com\/wordpress\/plugins\/seo\/ -->\n<title>Cookiebeleid - Quick Frozen<\/title>\n<meta name=\"description\" content=\"Quick Frozen BV is in 2006 opgericht door Andr\u00e9 van der Reest en Richard de Moor, als een onafhankelijke dienstverlener, die de verkoop en handel aan anderen overlaat maar de verwerking van deze producten wel graag voor zijn rekening neemt.\" \/>\n<meta name=\"robots\" content=\"index, follow, max-snippet:-1, max-image-preview:large, max-video-preview:-1\" \/>\n<link rel=\"canonical\" href=\"https:\/\/quickfrozen.nl\/de\/cookiebeleid\/\" \/>\n<meta property=\"og:locale\" content=\"de_DE\" \/>\n<meta property=\"og:type\" content=\"article\" \/>\n<meta property=\"og:title\" content=\"Cookiebeleid - Quick Frozen\" \/>\n<meta property=\"og:description\" content=\"Quick Frozen BV is in 2006 opgericht door Andr\u00e9 van der Reest en Richard de Moor, als een onafhankelijke dienstverlener, die de verkoop en handel aan anderen overlaat maar de verwerking van deze producten wel graag voor zijn rekening neemt.\" \/>\n<meta property=\"og:url\" content=\"https:\/\/quickfrozen.nl\/de\/cookiebeleid\/\" \/>\n<meta property=\"og:site_name\" content=\"Quick Frozen\" \/>\n<meta property=\"article:modified_time\" content=\"2020-08-07T07:54:08+00:00\" \/>\n<meta name=\"twitter:card\" content=\"summary_large_image\" \/>\n<meta name=\"twitter:label1\" content=\"Gesch\u00e4tzte Lesezeit\" \/>\n\t<meta name=\"twitter:data1\" content=\"4\u00a0Minuten\" \/>\n<script type=\"application\/ld+json\" class=\"yoast-schema-graph\">{\"@context\":\"https:\/\/schema.org\",\"@graph\":[{\"@type\":\"WebPage\",\"@id\":\"https:\/\/quickfrozen.nl\/cookiebeleid\/\",\"url\":\"https:\/\/quickfrozen.nl\/cookiebeleid\/\",\"name\":\"Cookiebeleid - Quick Frozen\",\"isPartOf\":{\"@id\":\"https:\/\/quickfrozen.nl\/#website\"},\"datePublished\":\"2020-06-10T10:14:53+00:00\",\"dateModified\":\"2020-08-07T07:54:08+00:00\",\"description\":\"Quick Frozen BV is in 2006 opgericht door Andr\u00e9 van der Reest en Richard de Moor, als een onafhankelijke dienstverlener, die de verkoop en handel aan anderen overlaat maar de verwerking van deze producten wel graag voor zijn rekening neemt.\",\"breadcrumb\":{\"@id\":\"https:\/\/quickfrozen.nl\/cookiebeleid\/#breadcrumb\"},\"inLanguage\":\"de\",\"potentialAction\":[{\"@type\":\"ReadAction\",\"target\":[\"https:\/\/quickfrozen.nl\/cookiebeleid\/\"]}]},{\"@type\":\"BreadcrumbList\",\"@id\":\"https:\/\/quickfrozen.nl\/cookiebeleid\/#breadcrumb\",\"itemListElement\":[{\"@type\":\"ListItem\",\"position\":1,\"name\":\"Home\",\"item\":\"https:\/\/quickfrozen.nl\/\"},{\"@type\":\"ListItem\",\"position\":2,\"name\":\"Cookiebeleid\"}]},{\"@type\":\"WebSite\",\"@id\":\"https:\/\/quickfrozen.nl\/#website\",\"url\":\"https:\/\/quickfrozen.nl\/\",\"name\":\"Quick Frozen\",\"description\":\"\",\"publisher\":{\"@id\":\"https:\/\/quickfrozen.nl\/#organization\"},\"potentialAction\":[{\"@type\":\"SearchAction\",\"target\":{\"@type\":\"EntryPoint\",\"urlTemplate\":\"https:\/\/quickfrozen.nl\/?s={search_term_string}\"},\"query-input\":{\"@type\":\"PropertyValueSpecification\",\"valueRequired\":true,\"valueName\":\"search_term_string\"}}],\"inLanguage\":\"de\"},{\"@type\":\"Organization\",\"@id\":\"https:\/\/quickfrozen.nl\/#organization\",\"name\":\"Quick Frozen\",\"url\":\"https:\/\/quickfrozen.nl\/\",\"logo\":{\"@type\":\"ImageObject\",\"inLanguage\":\"de\",\"@id\":\"https:\/\/quickfrozen.nl\/#\/schema\/logo\/image\/\",\"url\":\"https:\/\/quickfrozen.nl\/wp-content\/uploads\/2020\/03\/logoMiddel-1.svg\",\"contentUrl\":\"https:\/\/quickfrozen.nl\/wp-content\/uploads\/2020\/03\/logoMiddel-1.svg\",\"width\":1,\"height\":1,\"caption\":\"Quick Frozen\"},\"image\":{\"@id\":\"https:\/\/quickfrozen.nl\/#\/schema\/logo\/image\/\"},\"sameAs\":[\"https:\/\/www.youtube.com\/channel\/UCtyimQMpkO2bUMxW7wl-7Ew\"]}]}<\/script>\n<!-- \/ Yoast SEO plugin. -->","yoast_head_json":{"title":"Cookiebeleid - Quick Frozen","description":"Quick Frozen BV wurde 2006 von Andr\u00e9 van der Reest und Richard de Moor als unabh\u00e4ngiges Dienstleistungsunternehmen gegr\u00fcndet, das Verkauf und Handel anderen \u00fcberl\u00e4sst, aber gerne die Verarbeitung dieser Erzeugnisse \u00fcbernimmt.","robots":{"index":"index","follow":"follow","max-snippet":"max-snippet:-1","max-image-preview":"max-image-preview:large","max-video-preview":"max-video-preview:-1"},"canonical":"https:\/\/quickfrozen.nl\/de\/cookiebeleid\/","og_locale":"de_DE","og_type":"article","og_title":"Cookiebeleid - Quick Frozen","og_description":"Quick Frozen BV is in 2006 opgericht door Andr\u00e9 van der Reest en Richard de Moor, als een onafhankelijke dienstverlener, die de verkoop en handel aan anderen overlaat maar de verwerking van deze producten wel graag voor zijn rekening neemt.","og_url":"https:\/\/quickfrozen.nl\/de\/cookiebeleid\/","og_site_name":"Quick Frozen","article_modified_time":"2020-08-07T07:54:08+00:00","twitter_card":"summary_large_image","twitter_misc":{"Gesch\u00e4tzte Lesezeit":"4\u00a0Minuten"},"schema":{"@context":"https:\/\/schema.org","@graph":[{"@type":"WebPage","@id":"https:\/\/quickfrozen.nl\/cookiebeleid\/","url":"https:\/\/quickfrozen.nl\/cookiebeleid\/","name":"Cookiebeleid - Quick Frozen","isPartOf":{"@id":"https:\/\/quickfrozen.nl\/#website"},"datePublished":"2020-06-10T10:14:53+00:00","dateModified":"2020-08-07T07:54:08+00:00","description":"Quick Frozen BV wurde 2006 von Andr\u00e9 van der Reest und Richard de Moor als unabh\u00e4ngiges Dienstleistungsunternehmen gegr\u00fcndet, das Verkauf und Handel anderen \u00fcberl\u00e4sst, aber gerne die Verarbeitung dieser Erzeugnisse \u00fcbernimmt.","breadcrumb":{"@id":"https:\/\/quickfrozen.nl\/cookiebeleid\/#breadcrumb"},"inLanguage":"de","potentialAction":[{"@type":"ReadAction","target":["https:\/\/quickfrozen.nl\/cookiebeleid\/"]}]},{"@type":"BreadcrumbList","@id":"https:\/\/quickfrozen.nl\/cookiebeleid\/#breadcrumb","itemListElement":[{"@type":"ListItem","position":1,"name":"Home","item":"https:\/\/quickfrozen.nl\/"},{"@type":"ListItem","position":2,"name":"Cookiebeleid"}]},{"@type":"WebSite","@id":"https:\/\/quickfrozen.nl\/#website","url":"https:\/\/quickfrozen.nl\/","name":"Quick Frozen","description":"","publisher":{"@id":"https:\/\/quickfrozen.nl\/#organization"},"potentialAction":[{"@type":"SearchAction","target":{"@type":"EntryPoint","urlTemplate":"https:\/\/quickfrozen.nl\/?s={search_term_string}"},"query-input":{"@type":"PropertyValueSpecification","valueRequired":true,"valueName":"search_term_string"}}],"inLanguage":"de"},{"@type":"Organization","@id":"https:\/\/quickfrozen.nl\/#organization","name":"Quick Frozen","url":"https:\/\/quickfrozen.nl\/","logo":{"@type":"ImageObject","inLanguage":"de","@id":"https:\/\/quickfrozen.nl\/#\/schema\/logo\/image\/","url":"https:\/\/quickfrozen.nl\/wp-content\/uploads\/2020\/03\/logoMiddel-1.svg","contentUrl":"https:\/\/quickfrozen.nl\/wp-content\/uploads\/2020\/03\/logoMiddel-1.svg","width":1,"height":1,"caption":"Quick Frozen"},"image":{"@id":"https:\/\/quickfrozen.nl\/#\/schema\/logo\/image\/"},"sameAs":["https:\/\/www.youtube.com\/channel\/UCtyimQMpkO2bUMxW7wl-7Ew"]}]}},"_links":{"self":[{"href":"https:\/\/quickfrozen.nl\/de\/wp-json\/wp\/v2\/pages\/1177","targetHints":{"allow":["GET"]}}],"collection":[{"href":"https:\/\/quickfrozen.nl\/de\/wp-json\/wp\/v2\/pages"}],"about":[{"href":"https:\/\/quickfrozen.nl\/de\/wp-json\/wp\/v2\/types\/page"}],"author":[{"embeddable":true,"href":"https:\/\/quickfrozen.nl\/de\/wp-json\/wp\/v2\/users\/2"}],"replies":[{"embeddable":true,"href":"https:\/\/quickfrozen.nl\/de\/wp-json\/wp\/v2\/comments?post=1177"}],"version-history":[{"count":6,"href":"https:\/\/quickfrozen.nl\/de\/wp-json\/wp\/v2\/pages\/1177\/revisions"}],"predecessor-version":[{"id":1341,"href":"https:\/\/quickfrozen.nl\/de\/wp-json\/wp\/v2\/pages\/1177\/revisions\/1341"}],"wp:attachment":[{"href":"https:\/\/quickfrozen.nl\/de\/wp-json\/wp\/v2\/media?parent=1177"}],"curies":[{"name":"wp","href":"https:\/\/api.w.org\/{rel}","templated":true}]}}